{"id":6665,"date":"2022-02-01T09:41:53","date_gmt":"2022-02-01T09:41:53","guid":{"rendered":"https:\/\/www.pachamamatarifa.com\/?page_id=6665"},"modified":"2023-06-01T09:20:56","modified_gmt":"2023-06-01T09:20:56","slug":"legal-notice","status":"publish","type":"page","link":"https:\/\/www.pachamamatarifa.com\/en\/legal-notice\/","title":{"rendered":"Legal Notice"},"content":{"rendered":"<section class=\"l-section wpb_row height_custom\"><div class=\"l-section-h i-cf\"><div class=\"g-cols via_grid cols_1 laptops-cols_inherit tablets-cols_inherit mobiles-cols_1 valign_top type_default\"><div class=\"wpb_column vc_column_container\"><div class=\"vc_column-inner\"><div class=\"wpb_text_column\"><div class=\"wpb_wrapper\"><h2>Aviso Legal<\/h2>\n<p>El prestador, responsable del sitio Web, pone a disposici\u00f3n de los usuarios el presente documento con el que pretende dar cumplimiento a las obligaciones dispuestas en la Ley 34\/2002, de Servicios de la Sociedad de la Informaci\u00f3n y del Comercio Electr\u00f3nico (LSSI-CE), as\u00ed como informar a todos los usuarios del sitio web respecto a cu\u00e1les son las condiciones de uso del sitio Web.<\/p>\n<p>El acceso al sitio Web implica sin reservas la aceptaci\u00f3n de las presentes condiciones generales de uso que el usuario afirma comprender en su totalidad. El usuario se compromete a no utilizar el sitio Web y los servicios que se ofrecen en el mismo para la realizaci\u00f3n de actividades contrarias a la ley y a respetar en todo momento las presentes condiciones generales. El prestador podr\u00e1 interrumpir en cualquier momento el acceso a su sitio Web si detecta un uso contrario a la legalidad, la buena fe o a las presentes condiciones generales.<\/p>\n<p>El prestador se reserva el derecho a modificar cualquier tipo de informaci\u00f3n que pudiera aparecer en el sitio Web, sin que exista obligaci\u00f3n de preavisar o poner en conocimiento de los usuarios dichas obligaciones, entendi\u00e9ndose como suficiente con la publicaci\u00f3n en el sitio Web del prestador.<\/p>\n<p><strong>Sobre el prestador<\/strong><\/p>\n<p>El prestador responsable del sitio Web ofrece a los usuarios del mismo sus datos identificativos a fin de mejorar la confianza del usuario y de las relaciones con \u00e9ste.<\/p>\n<p><strong>Denominaci\u00f3n Social:<\/strong> La Pelota No Se Mancha SL<br \/>\n<strong>Nombre Comercial:<\/strong> Pachamama Tarifa<br \/>\n<strong>Domicilio Social:<\/strong> Carretera C\u00e1diz-M\u00e1laga, KM 81, 11380 Tarifa, C\u00e1diz.<br \/>\n<strong>CIF \/ NIF:<\/strong> B72328271<br \/>\n<strong>Tel\u00e9fono:<\/strong> +34 620 22 44 08<br \/>\n<strong>e-Mail:<\/strong> info@pachamamatarifa.com<br \/>\n<strong>Inscrita en:<\/strong> Tarifa<br \/>\n<strong>Nombre de dominio:<\/strong> www.pachamamatarifa.com<br \/>\n<strong>Tribunales de:<\/strong> Tarifa<\/p>\n<h3>Responsabilidad<\/h3>\n<p>El prestador se exime de cualquier tipo de responsabilidad derivada de la informaci\u00f3n publicada en su sitio Web, siempre que esta informaci\u00f3n haya sido manipulada o introducida por un tercero ajeno al mismo (por ejemplo en foros, chats, blogs, comentarios, etc). No obstante y en cumplimiento de lo dispuesto en la LSSI-CE, el prestador se pone a disposici\u00f3n de todos los usuarios, autoridades y fuerzas de seguridad, para retirar o en su caso bloquear todos aquellos contenidos que pudieran afectar o contravenir la legislaci\u00f3n nacional, o internacional, derechos de terceros o la moral y el orden p\u00fablico, poniendo los hechos en conocimiento de las autoridades competentes si fuese necesario.<\/p>\n<p>En caso de que el usuario considere que existe en el sitio Web alg\u00fan contenido que pudiera ser susceptible de esta clasificaci\u00f3n, se ruega lo notifique de forma inmediata al administrador del sitio Web.<\/p>\n<p>Este sitio Web ha sido revisado y probado para que funcione correctamente. En principio, puede garantizarse el correcto funcionamiento los 365 d\u00edas del a\u00f1o, 24 horas al d\u00eda. No obstante, el prestador no descarta la posibilidad de que existan ciertos errores de programaci\u00f3n, o que acontezcan causas de fuerza mayor, cat\u00e1strofes naturales, huelgas, o circunstancias semejantes que hagan imposible el acceso a la p\u00e1gina Web.<\/p>\n<p>Propiedad Intelectual e Industrial<\/p>\n<p><strong>La Pelota No Se Mancha SL<\/strong> es una marca registrada. Queda prohibida la utilizaci\u00f3n ajena por cualquier medio de la marca de <strong>La Pelota No Se Mancha SL<\/strong>, que incluye tanto el nombre como el logotipo, salvo consentimiento expreso de<br \/>\n<strong>La Pelota No Se Mancha SL<\/strong> Quedan reservados todos los derechos.<\/p>\n<p>El presente sitio web, incluyendo a t\u00edtulo enunciativo pero no limitativo su programaci\u00f3n, medici\u00f3n, compilaci\u00f3n, dise\u00f1os, logotipos, texto y\/o gr\u00e1ficos, son propiedad del responsable del sitio Web, encontr\u00e1ndose protegidos por la normativa nacional e internacional sobre propiedad intelectual e industrial. El acceso por parte del usuario al sitio Web no le otorga ning\u00fan derecho de propiedad sobre los mismos.<\/p>\n<p>Todos los contenidos del sitio Web se encuentran debidamente protegidos por la normativa de propiedad intelectual e industrial, as\u00ed como inscritos en los registros p\u00fablicos correspondientes.<br \/>\nIndependientemente de la finalidad para la que fueran destinados, la reproducci\u00f3n total o parcial, uso, explotaci\u00f3n, distribuci\u00f3n y comercializaci\u00f3n, requiere en todo caso de la autorizaci\u00f3n escrita previa por parte del prestador. Cualquier uso no autorizado previamente por parte del prestador ser\u00e1 considerado un incumplimiento grave de los derechos de propiedad intelectual o industrial del autor.<br \/>\nLos dise\u00f1os, logotipos, texto y\/o gr\u00e1ficos ajenos al prestador y que pudieran aparecer en el sitio Web, pertenecen a sus respectivos propietarios, siendo ellos mismos responsables de cualquier posible controversia que pudiera suscitarse respecto a los mismos. El prestador reconoce a favor de sus titulares los correspondientes derechos de propiedad industrial e intelectual, no implicando su sola menci\u00f3n o aparici\u00f3n en el sitio Web la existencia de derechos o responsabilidad alguna del prestador sobre los mismos, como tampoco respaldo, patrocinio o recomendaci\u00f3n por parte del mismo.<\/p>\n<p>Para realizar cualquier tipo de observaci\u00f3n respecto a posibles incumplimientos de los derechos de propiedad intelectual o industrial, as\u00ed como sobre cualquiera de los contenidos del sitio Web, puede hacerlo a trav\u00e9s del siguiente correo electr\u00f3nico info@pachamamatarifa.com<\/p>\n<h3><strong>Uso de cookies<\/strong><\/h3>\n<p>El sitio Web del prestador puede utilizar cookies (peque\u00f1os archivos de informaci\u00f3n que el servidor env\u00eda al ordenador de quien accede a la p\u00e1gina con la finalidad de registrar las actividades del usuario durante su tiempo de navegaci\u00f3n) para llevar a cabo determinadas funciones que son consideradas imprescindibles para el correcto funcionamiento y visualizaci\u00f3n del sitio. Las cookies utilizadas en el sitio Web tienen, en todo caso, car\u00e1cter temporal con la \u00fanica finalidad de hacer m\u00e1s eficaz su transmisi\u00f3n ulterior y desaparecen al terminar la sesi\u00f3n del usuario. En ning\u00fan caso se utilizar\u00e1n las cookies para recoger informaci\u00f3n de car\u00e1cter personal.<\/p>\n<p>El usuario tiene la posibilidad de configurar su navegador para ser avisado de la recepci\u00f3n de cookies y para impedir su instalaci\u00f3n en su equipo. Por favor, consulte las instrucciones y manuales de su navegador para ampliar esta informaci\u00f3n.<br \/>\nMediante el uso de las cookies resulta posible que el servidor donde se encuentra la Web, reconozca el navegador Web utilizado por el usuario con la finalidad de que la navegaci\u00f3n sea m\u00e1s sencilla, permitiendo, por ejemplo, el acceso a los usuarios que se hayan registrado previamente, acceder a las \u00e1reas, servicios, promociones o concursos reservados exclusivamente a ellos sin tener que registrarse en cada visita. Se utilizan tambi\u00e9n para medir la audiencia y par\u00e1metros del tr\u00e1fico, controlar el progreso y n\u00famero de entradas.<\/p>\n<h3><strong>Ley aplicable y Jurisdicci\u00f3n<\/strong><\/h3>\n<p>Para la resoluci\u00f3n de todas las controversias o cuestiones relacionadas con el presente sitio Web o de las actividades en \u00e9l desarrolladas, ser\u00e1 de aplicaci\u00f3n la legislaci\u00f3n espa\u00f1ola, a la que se someten expresamente las partes, siendo competentes para la resoluci\u00f3n de todos los conflictos derivados o relacionados con su uso los Juzgados y Tarifa.<br \/>\nEn caso de que cualquier cl\u00e1usula del presente documento sea declarada nula, las dem\u00e1s cl\u00e1usulas seguir\u00e1n vigentes y se interpretar\u00e1n teniendo en cuenta la voluntad de las partes y la finalidad misma de las presentes condiciones.<\/p>\n<p>La Pelota No Se Mancha SL podr\u00e1n no ejercitar alguno de los derechos y facultades conferidos en este documento lo que no implicar\u00e1 en ning\u00fan caso la renuncia a los mismos salvo reconocimiento expreso por parte de La Pelota No Se Mancha SL<\/p>\n<\/div><\/div><\/div><\/div><\/div><\/div><\/section>\n","protected":false},"excerpt":{"rendered":"Aviso Legal El prestador, responsable del sitio Web, pone a disposici\u00f3n de los usuarios el presente documento con el que pretende dar cumplimiento a las obligaciones dispuestas en la Ley 34\/2002, de Servicios de la Sociedad de la Informaci\u00f3n y del Comercio Electr\u00f3nico (LSSI-CE), as\u00ed como informar a todos los usuarios del sitio web respecto...","protected":false},"author":1,"featured_media":0,"parent":0,"menu_order":0,"comment_status":"closed","ping_status":"closed","template":"","meta":{"footnotes":""},"yoast_head":"<!-- This site is optimized with the Yoast SEO plugin v23.1 - https:\/\/yoast.com\/wordpress\/plugins\/seo\/ -->\n<title>Legal Notice - Pachamama Tu Restaurante en Tarifa<\/title>\n<meta name=\"description\" content=\"Check out our legal notice to obtain detailed information about our terms and conditions\" \/>\n<meta name=\"robots\" content=\"index, follow, max-snippet:-1, max-image-preview:large, max-video-preview:-1\" \/>\n<link rel=\"canonical\" href=\"https:\/\/www.pachamamatarifa.com\/en\/legal-notice\/\" \/>\n<meta property=\"og:locale\" content=\"en_US\" \/>\n<meta property=\"og:type\" content=\"article\" \/>\n<meta property=\"og:title\" content=\"Legal Notice - Pachamama Tu Restaurante en Tarifa\" \/>\n<meta property=\"og:description\" content=\"Check out our legal notice to obtain detailed information about our terms and conditions\" \/>\n<meta property=\"og:url\" content=\"https:\/\/www.pachamamatarifa.com\/en\/legal-notice\/\" \/>\n<meta property=\"og:site_name\" content=\"Pachamama Tu Restaurante en Tarifa\" \/>\n<meta property=\"article:modified_time\" content=\"2023-06-01T09:20:56+00:00\" \/>\n<meta name=\"twitter:card\" content=\"summary_large_image\" \/>\n<meta name=\"twitter:label1\" content=\"Est. reading time\" \/>\n\t<meta name=\"twitter:data1\" content=\"6 minutes\" \/>\n<script type=\"application\/ld+json\" class=\"yoast-schema-graph\">{\"@context\":\"https:\/\/schema.org\",\"@graph\":[{\"@type\":\"WebPage\",\"@id\":\"https:\/\/www.pachamamatarifa.com\/en\/legal-notice\/\",\"url\":\"https:\/\/www.pachamamatarifa.com\/en\/legal-notice\/\",\"name\":\"Legal Notice - Pachamama Tu Restaurante en Tarifa\",\"isPartOf\":{\"@id\":\"https:\/\/www.pachamamatarifa.com\/#website\"},\"datePublished\":\"2022-02-01T09:41:53+00:00\",\"dateModified\":\"2023-06-01T09:20:56+00:00\",\"description\":\"Check out our legal notice to obtain detailed information about our terms and conditions\",\"breadcrumb\":{\"@id\":\"https:\/\/www.pachamamatarifa.com\/en\/legal-notice\/#breadcrumb\"},\"inLanguage\":\"en-US\",\"potentialAction\":[{\"@type\":\"ReadAction\",\"target\":[\"https:\/\/www.pachamamatarifa.com\/en\/legal-notice\/\"]}]},{\"@type\":\"BreadcrumbList\",\"@id\":\"https:\/\/www.pachamamatarifa.com\/en\/legal-notice\/#breadcrumb\",\"itemListElement\":[{\"@type\":\"ListItem\",\"position\":1,\"name\":\"Portada\",\"item\":\"https:\/\/www.pachamamatarifa.com\/en\/\"},{\"@type\":\"ListItem\",\"position\":2,\"name\":\"Legal Notice\"}]},{\"@type\":\"WebSite\",\"@id\":\"https:\/\/www.pachamamatarifa.com\/#website\",\"url\":\"https:\/\/www.pachamamatarifa.com\/\",\"name\":\"Pachamama Tu Restaurante en Tarifa\",\"description\":\"S&oacute;lo otro sitio de WordPress\",\"potentialAction\":[{\"@type\":\"SearchAction\",\"target\":{\"@type\":\"EntryPoint\",\"urlTemplate\":\"https:\/\/www.pachamamatarifa.com\/?s={search_term_string}\"},\"query-input\":\"required name=search_term_string\"}],\"inLanguage\":\"en-US\"}]}<\/script>\n<!-- \/ Yoast SEO plugin. -->","yoast_head_json":{"title":"Legal Notice - Pachamama Tu Restaurante en Tarifa","description":"Check out our legal notice to obtain detailed information about our terms and conditions","robots":{"index":"index","follow":"follow","max-snippet":"max-snippet:-1","max-image-preview":"max-image-preview:large","max-video-preview":"max-video-preview:-1"},"canonical":"https:\/\/www.pachamamatarifa.com\/en\/legal-notice\/","og_locale":"en_US","og_type":"article","og_title":"Legal Notice - Pachamama Tu Restaurante en Tarifa","og_description":"Check out our legal notice to obtain detailed information about our terms and conditions","og_url":"https:\/\/www.pachamamatarifa.com\/en\/legal-notice\/","og_site_name":"Pachamama Tu Restaurante en Tarifa","article_modified_time":"2023-06-01T09:20:56+00:00","twitter_card":"summary_large_image","twitter_misc":{"Est. reading time":"6 minutes"},"schema":{"@context":"https:\/\/schema.org","@graph":[{"@type":"WebPage","@id":"https:\/\/www.pachamamatarifa.com\/en\/legal-notice\/","url":"https:\/\/www.pachamamatarifa.com\/en\/legal-notice\/","name":"Legal Notice - Pachamama Tu Restaurante en Tarifa","isPartOf":{"@id":"https:\/\/www.pachamamatarifa.com\/#website"},"datePublished":"2022-02-01T09:41:53+00:00","dateModified":"2023-06-01T09:20:56+00:00","description":"Check out our legal notice to obtain detailed information about our terms and conditions","breadcrumb":{"@id":"https:\/\/www.pachamamatarifa.com\/en\/legal-notice\/#breadcrumb"},"inLanguage":"en-US","potentialAction":[{"@type":"ReadAction","target":["https:\/\/www.pachamamatarifa.com\/en\/legal-notice\/"]}]},{"@type":"BreadcrumbList","@id":"https:\/\/www.pachamamatarifa.com\/en\/legal-notice\/#breadcrumb","itemListElement":[{"@type":"ListItem","position":1,"name":"Portada","item":"https:\/\/www.pachamamatarifa.com\/en\/"},{"@type":"ListItem","position":2,"name":"Legal Notice"}]},{"@type":"WebSite","@id":"https:\/\/www.pachamamatarifa.com\/#website","url":"https:\/\/www.pachamamatarifa.com\/","name":"Pachamama Tu Restaurante en Tarifa","description":"S&oacute;lo otro sitio de WordPress","potentialAction":[{"@type":"SearchAction","target":{"@type":"EntryPoint","urlTemplate":"https:\/\/www.pachamamatarifa.com\/?s={search_term_string}"},"query-input":"required name=search_term_string"}],"inLanguage":"en-US"}]}},"_links":{"self":[{"href":"https:\/\/www.pachamamatarifa.com\/en\/wp-json\/wp\/v2\/pages\/6665"}],"collection":[{"href":"https:\/\/www.pachamamatarifa.com\/en\/wp-json\/wp\/v2\/pages"}],"about":[{"href":"https:\/\/www.pachamamatarifa.com\/en\/wp-json\/wp\/v2\/types\/page"}],"author":[{"embeddable":true,"href":"https:\/\/www.pachamamatarifa.com\/en\/wp-json\/wp\/v2\/users\/1"}],"replies":[{"embeddable":true,"href":"https:\/\/www.pachamamatarifa.com\/en\/wp-json\/wp\/v2\/comments?post=6665"}],"version-history":[{"count":2,"href":"https:\/\/www.pachamamatarifa.com\/en\/wp-json\/wp\/v2\/pages\/6665\/revisions"}],"predecessor-version":[{"id":6702,"href":"https:\/\/www.pachamamatarifa.com\/en\/wp-json\/wp\/v2\/pages\/6665\/revisions\/6702"}],"wp:attachment":[{"href":"https:\/\/www.pachamamatarifa.com\/en\/wp-json\/wp\/v2\/media?parent=6665"}],"curies":[{"name":"wp","href":"https:\/\/api.w.org\/{rel}","templated":true}]}}